{"id":977,"date":"2024-12-09T12:59:28","date_gmt":"2024-12-09T12:59:28","guid":{"rendered":"https:\/\/www.familie-mainschleife.de\/?page_id=977"},"modified":"2024-12-09T12:59:31","modified_gmt":"2024-12-09T12:59:31","slug":"spenden","status":"publish","type":"page","link":"https:\/\/www.familie-mainschleife.de\/en\/spenden\/","title":{"rendered":"Spenden"},"content":{"rendered":"\n<p>Unser Verein engagiert sich mit Leidenschaft daf\u00fcr, Familien in Volkach zusammenzubringen. Wir planen gemeinsame \u00f6ffentliche Veranstaltungen und schaffen unvergessliche Erlebnisse, die den Zusammenhalt st\u00e4rken und das Miteinander f\u00f6rdern. Um unsere wertvolle Arbeit fortzusetzen und weiter auszubauen, haben wir ein Spendenkonto eingerichtet.<\/p>\n\n\n\n<p><strong>So kannst du  uns unterst\u00fctzen:<\/strong><\/p>\n\n\n\n<div class=\"wp-block-columns is-layout-flex wp-container-core-columns-is-layout-9d6595d7 wp-block-columns-is-layout-flex\">\n<div class=\"wp-block-column is-layout-flow wp-block-column-is-layout-flow\">\n<p><strong>Spendenkonto:<\/strong><\/p>\n\n\n\n<ul class=\"wp-block-list\">\n<li><strong>Kontoinhaber:<\/strong> Familie Mainschleife e.V.<\/li>\n\n\n\n<li><strong>IBAN:<\/strong> DE06 7905 0000 0049 8166 14<\/li>\n\n\n\n<li><strong>BIC:<\/strong> BYLADEM1SWU<\/li>\n\n\n\n<li><strong>Verwendungszweck:<\/strong> Spende<\/li>\n<\/ul>\n<\/div>\n\n\n\n<div class=\"wp-block-column is-layout-flow wp-block-column-is-layout-flow\">\n<figure class=\"wp-block-image size-full\"><img fetchpriority=\"high\" decoding=\"async\" width=\"300\" height=\"300\" src=\"http:\/\/www.familie-mainschleife.de\/wp-content\/uploads\/2024\/12\/epc-qrCode-spende.png\" alt=\"\" class=\"wp-image-978\" srcset=\"https:\/\/www.familie-mainschleife.de\/wp-content\/uploads\/2024\/12\/epc-qrCode-spende.png 300w, https:\/\/www.familie-mainschleife.de\/wp-content\/uploads\/2024\/12\/epc-qrCode-spende-150x150.png 150w\" sizes=\"(max-width: 300px) 100vw, 300px\" \/><\/figure>\n<\/div>\n<\/div>\n\n\n\n<p>Jede Spende, egal wie klein oder gro\u00df, macht einen Unterschied! Wir danken dir von Herzen f\u00fcr die Unterst\u00fctzung und das Vertrauen in unsere Arbeit. <\/p>\n\n\n\n<p>Gemeinsam k\u00f6nnen wir viel bewegen!<\/p>\n\n\n\n<pre class=\"wp-block-preformatted has-regular-font-size\" style=\"font-style:normal;font-weight:100\"><br>Wenn eine Spendenbescheinigung ben\u00f6tigt wird, dann schick uns bitte eine E-Mail an:<br>info@familie-mainschleife.de<br><br>Bitte vergiss nicht in der Nachricht deinen vollst\u00e4ndigen Namen, Adresse und den Betrag der Spende anzugeben. <br>Wir werden dir die Bescheinigung schnellstm\u00f6glich zukommen lassen.<br><br>Vielen Dank f\u00fcr Dein Vertrauen und Unterst\u00fctzung!<\/pre>\n","protected":false},"excerpt":{"rendered":"<p>Unser Verein engagiert sich mit Leidenschaft daf\u00fcr, Familien in Volkach zusammenzubringen. Wir planen gemeinsame \u00f6ffentliche Veranstaltungen und schaffen unvergessliche Erlebnisse, die den Zusammenhalt st\u00e4rken und das Miteinander f\u00f6rdern. Um unsere wertvolle Arbeit fortzusetzen und weiter auszubauen, haben wir ein Spendenkonto eingerichtet. So kannst du uns unterst\u00fctzen: Spendenkonto: Jede Spende, egal wie klein oder gro\u00df, macht einen Unterschied! Wir danken dir [&hellip;]<\/p>\n","protected":false},"author":2,"featured_media":0,"parent":0,"menu_order":0,"comment_status":"closed","ping_status":"closed","template":"","meta":{"footnotes":""},"class_list":["post-977","page","type-page","status-publish","hentry"],"_links":{"self":[{"href":"https:\/\/www.familie-mainschleife.de\/en\/wp-json\/wp\/v2\/pages\/977","targetHints":{"allow":["GET"]}}],"collection":[{"href":"https:\/\/www.familie-mainschleife.de\/en\/wp-json\/wp\/v2\/pages"}],"about":[{"href":"https:\/\/www.familie-mainschleife.de\/en\/wp-json\/wp\/v2\/types\/page"}],"author":[{"embeddable":true,"href":"https:\/\/www.familie-mainschleife.de\/en\/wp-json\/wp\/v2\/users\/2"}],"replies":[{"embeddable":true,"href":"https:\/\/www.familie-mainschleife.de\/en\/wp-json\/wp\/v2\/comments?post=977"}],"version-history":[{"count":11,"href":"https:\/\/www.familie-mainschleife.de\/en\/wp-json\/wp\/v2\/pages\/977\/revisions"}],"predecessor-version":[{"id":990,"href":"https:\/\/www.familie-mainschleife.de\/en\/wp-json\/wp\/v2\/pages\/977\/revisions\/990"}],"wp:attachment":[{"href":"https:\/\/www.familie-mainschleife.de\/en\/wp-json\/wp\/v2\/media?parent=977"}],"curies":[{"name":"wp","href":"https:\/\/api.w.org\/{rel}","templated":true}]}}