{"id":31,"date":"2020-07-10T07:39:40","date_gmt":"2020-07-10T07:39:40","guid":{"rendered":"https:\/\/futuriodemos.com\/default-demo\/?page_id=31"},"modified":"2026-04-07T18:19:32","modified_gmt":"2026-04-07T18:19:32","slug":"home","status":"publish","type":"page","link":"https:\/\/www.familie-mainschleife.de\/en\/","title":{"rendered":"Home"},"content":{"rendered":"\n<section id=\"gm4972ea4\" class=\"wp-block-gutentor-m4 section-gm4972ea4 gutentor-module gutentor-advanced-columns has-image-bg has-custom-bg has-gutentor-overlay has-gutentor-block-shape-bottom section-gm3dcdccd\"><div class=\"grid-container\"><div class=\"grid-row\">\n<div id=\"col-gme97ab8\" class=\"wp-block-gutentor-m4-col col-gme97ab8 gutentor-single-column  grid-lg-12 grid-md-12 grid-12\"><div id=\"section-gme97ab8\" class=\"section-gme97ab8 gutentor-col-wrap\">\n<div id=\"section-gdf67fc\" class=\"wp-block-gutentor-e1 section-gdf67fc gutentor-element gutentor-element-advanced-text gutentor-width-enabled enable-title-design text-align-left-desktop text-align-left-tablet text-align-left-mobile\"><div class=\"gutentor-text-wrap divider-bottom\"><h4 class=\"gutentor-text\">Familie Mainschleife E.V.<\/h4><div class=\"gutentor-separator gutentor-separator-after border-solid\"><\/div><\/div><\/div>\n\n\n\n<div id=\"section-g6b89a7\" class=\"wp-block-gutentor-e1 section-g6b89a7 gutentor-element gutentor-element-advanced-text text-align-left-desktop text-align-left-tablet text-align-left-mobile\"><div class=\"gutentor-text-wrap\"><h2 class=\"gutentor-text\">One Voice for families <\/h2><\/div><\/div>\n<\/div><\/div>\n<\/div><\/div><div class=\"gutentor-block-shape-bottom\"><span><svg xmlns=\"http:\/\/www.w3.org\/2000\/svg\" viewBox=\"0 0 1920 435\" preserveAspectRatio=\"none\"><path class=\"path1\" d=\"M1920,435.1H0V49c32.8,32,92.7,82.1,180,108.3C486.8,249.6,554.4-28.5,918,9.1C1152.9,33.4,1328.5,180,1602,176 c137.7-2,248.9-43,318-75C1920,229.7,1920,306.4,1920,435.1z\" style=\"opacity:0.33\"><\/path><path class=\"path2\" d=\"M1920,288.1c-228,42-357.8,100.5-489,54c-254.1-90-325.1-324.6-603-315C619.8,34.3,532.8,150,280.5,228.8    c-136.7,42.7-178-42.7-280.5-48.6v255h1920V288.1z\" style=\"opacity:0.66\"><\/path><path class=\"path3\" d=\"M1920,435.1H0v-215c81,5,135,77,243,41c199.3-66.4,294.5-143.1,405-162c315-54,384.2,131.1,585,207 c165,62.4,385,129,687-120C1920,236.1,1920,385.1,1920,435.1z\"><\/path><\/svg><\/span><\/div><\/section>\n\n\n\n<section id=\"gmcfb801a\" class=\"wp-block-gutentor-m4 section-gmcfb801a gutentor-module gutentor-advanced-columns\"><div class=\"grid-container\"><div class=\"grid-row\">\n<div id=\"col-gm275269\" class=\"wp-block-gutentor-m4-col col-gm275269 gutentor-single-column  grid-lg-5 grid-md-12 grid-12\"><div id=\"section-gm275269\" class=\"section-gm275269 gutentor-col-wrap\">\n<div id=\"section-g6fd48d\" class=\"wp-block-gutentor-e6 section-g6fd48d gutentor-element gutentor-element-image text-align-left-desktop text-align-center-tablet text-align-center-mobile\"><div class=\"gutentor-element-image-box\"><div class=\"gutentor-image-thumb\"><img decoding=\"async\" class=\"normal-image\" src=\"http:\/\/www.familie-mainschleife.de\/wp-content\/uploads\/2024\/03\/jeshoots-com-LKREcvZeoJQ-unsplash-scaled.jpg\" \/><\/div><\/div><\/div>\n<\/div><\/div>\n\n\n\n<div id=\"col-gm98a307\" class=\"wp-block-gutentor-m4-col col-gm98a307 gutentor-single-column  grid-lg-7 grid-md-12 grid-12\"><div id=\"section-gm98a307\" class=\"section-gm98a307 gutentor-col-wrap\">\n<section id=\"gmf35dbc9\" class=\"wp-block-gutentor-m3 section-gmf35dbc9 gutentor-module gutentor-container-cover g-pos-r-desktop g-pos-r-tablet g-pos-r-mobile g-pos-custom-desktop g-pos-custom-tablet g-pos-custom-mobile\"><div class=\"grid-container\">\n<div id=\"section-gcb6189\" class=\"wp-block-gutentor-e1 section-gcb6189 gutentor-element gutentor-element-advanced-text text-align-left-desktop text-align-left-tablet text-align-left-mobile\"><div class=\"gutentor-text-wrap\"><h3 class=\"gutentor-text\">Eine Stimme f\u00fcr Familien in Volkach<\/h3><\/div><\/div>\n\n\n\n<div id=\"section-g24004e\" class=\"wp-block-gutentor-e1 section-g24004e gutentor-element gutentor-element-advanced-text text-align-left-desktop text-align-left-tablet text-align-left-mobile\"><div class=\"gutentor-text-wrap\"><p class=\"gutentor-text\">Wir haben den Verein Familien Mainschleife gegr\u00fcndet, um Familien in Volkach eine Stimme zu geben. Mit Hilfe engagierter Mitglieder m\u00f6chten wir, Volkacher Familien wieder n\u00e4her zueinander bringen. Gemeinsame, \u00f6ffentliche Veranstaltungen m\u00f6glich machen, so dass wir einander wieder besser kennenlernen. Gemeinsame Erlebnisse schaffen, damit wir wieder besser aufeinander achten. Engangierten Menschen Steine aus dem Weg r\u00e4umen, damit sie engangiert bleiben.<\/p><\/div><\/div>\n<\/div><\/section>\n\n\n\n<p><\/p>\n<\/div><\/div>\n<\/div><\/div><\/section>\n\n\n\n<section id=\"gm3e5d5a8\" class=\"wp-block-gutentor-m3 section-gm3e5d5a8 gutentor-module gutentor-container-cover has-gutentor-overlay\"><div class=\"grid-container\">\n<div id=\"section-g634407\" class=\"wp-block-gutentor-e1 section-g634407 gutentor-element gutentor-element-advanced-text text-align-center-desktop text-align-center-tablet text-align-center-mobile\"><div class=\"gutentor-text-wrap\"><h3 class=\"gutentor-text\">Aktuelles<\/h3><\/div><\/div>\n\n\n<section class=\"gutentor-post-module section-67137d66-225f-43a3-87fe-42949d8494bb gutentor-post-module-p1 gutentor_p1_template1 wp-block-gutentor-p1 gutentor-blog-grid\" id=\"67137d66-225f-43a3-87fe-42949d8494bb\" data-gbid=\"67137d66-225f-43a3-87fe-42949d8494bb\">\n<div class='grid-container'><div class='grid-row'><article class='gutentor-post  grid-lg-4 grid-md-6 grid-12'><div class='gutentor-post-item'><div class='gutentor-post-image-box'><div class=\"gutentor-image-thumb\"><img fetchpriority=\"high\" decoding=\"async\" width=\"720\" height=\"1014\" src=\"https:\/\/www.familie-mainschleife.de\/wp-content\/uploads\/2026\/03\/IMG-20260330-WA0007-768x1082.jpg\" class=\"attachment-medium_large size-medium_large wp-post-image\" alt=\"\" \/><\/div><\/div><div class=\"gutentor-post-title-data-wrap\"><h4 class=\"gutentor-post-title\"><a href=\"https:\/\/www.familie-mainschleife.de\/en\/ostereier-suchaktion\/\" rel=\"bookmark\">Ostereier-Suchaktion 2026<\/a><\/h4><\/div><div class=\"gutentor-entry-meta gutentor-entry-meta-primary\"><div class=\"posted-on\"><i class=\"far fa-calendar-alt\"><\/i><a href=\"https:\/\/www.familie-mainschleife.de\/en\/ostereier-suchaktion\/\" rel=\"bookmark\">March 30, 2026<\/a><\/div><div class=\"gutentor-meta-categories\"><i class=\"fas fa-tags\"><\/i><a href=\"https:\/\/www.familie-mainschleife.de\/en\/category\/veranstaltung\/\" rel=\"category tag\">Veranstaltung<\/a><\/div><\/div><div class=\"gutentor-post-desc\">Bunte Ostereier gegen Geschenke eintauschen\n\n\n\nDas goldene Ei f\u00fcr den Hauptpreis finden\n\n\n\n\nDatum: 2&hellip;<\/div><\/div><\/article><article class='gutentor-post  grid-lg-4 grid-md-6 grid-12'><div class='gutentor-post-item'><div class='gutentor-post-image-box'><div class=\"gutentor-image-thumb\"><img decoding=\"async\" width=\"720\" height=\"1018\" src=\"https:\/\/www.familie-mainschleife.de\/wp-content\/uploads\/2026\/01\/IMG-20260113-WA0019-768x1086.jpg\" class=\"attachment-medium_large size-medium_large wp-post-image\" alt=\"\" \/><\/div><\/div><div class=\"gutentor-post-title-data-wrap\"><h4 class=\"gutentor-post-title\"><a href=\"https:\/\/www.familie-mainschleife.de\/en\/wir-laden-herzlich-zum-kinder-fasching-in-die-mainschleifenhalle-volkach-ein\/\" rel=\"bookmark\">Kinder Fasching 2026<\/a><\/h4><\/div><div class=\"gutentor-entry-meta gutentor-entry-meta-primary\"><div class=\"posted-on\"><i class=\"far fa-calendar-alt\"><\/i><a href=\"https:\/\/www.familie-mainschleife.de\/en\/wir-laden-herzlich-zum-kinder-fasching-in-die-mainschleifenhalle-volkach-ein\/\" rel=\"bookmark\">January 14, 2026<\/a><\/div><div class=\"gutentor-meta-categories\"><i class=\"fas fa-tags\"><\/i><a href=\"https:\/\/www.familie-mainschleife.de\/en\/category\/veranstaltung\/\" rel=\"category tag\">Veranstaltung<\/a>, <a href=\"https:\/\/www.familie-mainschleife.de\/en\/category\/verein\/\" rel=\"category tag\">Verein<\/a><\/div><\/div><div class=\"gutentor-post-desc\">Datum: 16. Februar 2026Uhrzeit: 14:11 &#8211; 18:11 UhrEintritt: 1,99 EuroOrt: Mainschleifenhalle Volkach\n&hellip;<\/div><\/div><\/article><article class='gutentor-post  grid-lg-4 grid-md-6 grid-12'><div class='gutentor-post-item'><div class='gutentor-post-image-box'><div class=\"gutentor-image-thumb\"><img decoding=\"async\" width=\"720\" height=\"1018\" src=\"https:\/\/www.familie-mainschleife.de\/wp-content\/uploads\/2026\/01\/IMG-20260110-WA0000-768x1086.jpg\" class=\"attachment-medium_large size-medium_large wp-post-image\" alt=\"\" \/><\/div><\/div><div class=\"gutentor-post-title-data-wrap\"><h4 class=\"gutentor-post-title\"><a href=\"https:\/\/www.familie-mainschleife.de\/en\/mainschleifen-secondhand2026\/\" rel=\"bookmark\">Mainschleifen Second Hand 2026<\/a><\/h4><\/div><div class=\"gutentor-entry-meta gutentor-entry-meta-primary\"><div class=\"posted-on\"><i class=\"far fa-calendar-alt\"><\/i><a href=\"https:\/\/www.familie-mainschleife.de\/en\/mainschleifen-secondhand2026\/\" rel=\"bookmark\">January 14, 2026<\/a><\/div><div class=\"gutentor-meta-categories\"><i class=\"fas fa-tags\"><\/i><a href=\"https:\/\/www.familie-mainschleife.de\/en\/category\/veranstaltung\/\" rel=\"category tag\">Veranstaltung<\/a><\/div><\/div><div class=\"gutentor-post-desc\">Wir laden herzlich zum Mainschleifen Secondhand im katholischen Pfarrheim Volkach ein! Hier habt ihr&hellip;<\/div><\/div><\/article><\/div><\/div><\/section><\/div><\/section>\n\n\n\n<section id=\"gm7b1f0fc\" class=\"wp-block-gutentor-m3 section-gm7b1f0fc gutentor-module gutentor-container-cover\"><div class=\"grid-container\">\n<div id=\"section-gc44145\" class=\"wp-block-gutentor-e1 section-gc44145 gutentor-element gutentor-element-advanced-text text-align-center-desktop text-align-center-tablet text-align-center-mobile\"><div class=\"gutentor-text-wrap\"><h3 class=\"gutentor-text\">Gib Familien deine Stimme \u2013&nbsp;werde Mitglied!<\/h3><\/div><\/div>\n\n\n\n<div id=\"section-gf535ba\" class=\"wp-block-gutentor-e1 section-gf535ba gutentor-element gutentor-element-advanced-text text-align-center-desktop text-align-center-tablet text-align-center-mobile\"><div class=\"gutentor-text-wrap\"><p class=\"gutentor-text\">Gemeinsam k\u00f6nnen wir so viel schaffen. Sei dabei!<\/p><\/div><\/div>\n\n\n\n<div class=\"wp-block-buttons is-content-justification-center is-layout-flex wp-container-core-buttons-is-layout-16018d1d wp-block-buttons-is-layout-flex\">\n<div class=\"wp-block-button\"><a class=\"wp-block-button__link has-orange-background-color has-background wp-element-button\" href=\"https:\/\/www.familie-mainschleife.de\/my-account\/\">Mitglied werden<\/a><\/div>\n<\/div>\n<\/div><\/section>\n\n\n<p>","protected":false},"excerpt":{"rendered":"","protected":false},"author":2,"featured_media":325,"parent":0,"menu_order":0,"comment_status":"closed","ping_status":"closed","template":"template-gutentor-full-width.php","meta":{"footnotes":""},"class_list":["post-31","page","type-page","status-publish","has-post-thumbnail","hentry"],"_links":{"self":[{"href":"https:\/\/www.familie-mainschleife.de\/en\/wp-json\/wp\/v2\/pages\/31","targetHints":{"allow":["GET"]}}],"collection":[{"href":"https:\/\/www.familie-mainschleife.de\/en\/wp-json\/wp\/v2\/pages"}],"about":[{"href":"https:\/\/www.familie-mainschleife.de\/en\/wp-json\/wp\/v2\/types\/page"}],"author":[{"embeddable":true,"href":"https:\/\/www.familie-mainschleife.de\/en\/wp-json\/wp\/v2\/users\/2"}],"replies":[{"embeddable":true,"href":"https:\/\/www.familie-mainschleife.de\/en\/wp-json\/wp\/v2\/comments?post=31"}],"version-history":[{"count":166,"href":"https:\/\/www.familie-mainschleife.de\/en\/wp-json\/wp\/v2\/pages\/31\/revisions"}],"predecessor-version":[{"id":1116,"href":"https:\/\/www.familie-mainschleife.de\/en\/wp-json\/wp\/v2\/pages\/31\/revisions\/1116"}],"wp:featuredmedia":[{"embeddable":true,"href":"https:\/\/www.familie-mainschleife.de\/en\/wp-json\/wp\/v2\/media\/325"}],"wp:attachment":[{"href":"https:\/\/www.familie-mainschleife.de\/en\/wp-json\/wp\/v2\/media?parent=31"}],"curies":[{"name":"wp","href":"https:\/\/api.w.org\/{rel}","templated":true}]}}