{"id":1101,"date":"2026-04-07T18:11:23","date_gmt":"2026-04-07T18:11:23","guid":{"rendered":"https:\/\/www.familie-mainschleife.de\/?page_id=1101"},"modified":"2026-04-07T18:13:38","modified_gmt":"2026-04-07T18:13:38","slug":"ferienprogramm","status":"publish","type":"page","link":"https:\/\/www.familie-mainschleife.de\/en\/ferienprogramm\/","title":{"rendered":"Mitmachen beim Ferienprogramm"},"content":{"rendered":"\n<h3 class=\"wp-block-heading\">f\u00fcr Privatpersonen, Vereine und Firmen<\/h3>\n\n\n\n<p>Sie haben eine Idee f\u00fcr ein Ferienangebot f\u00fcr Kinder und Jugendliche?<br>K\u00f6nnen sich als Betreuungskraft anbieten?<\/p>\n\n\n\n<p><strong>Warum mitmachen?<\/strong><\/p>\n\n\n\n<ul class=\"wp-block-list\">\n<li>aktives mitgestalten des Ferienprogramms<\/li>\n\n\n\n<li>eigene Ideen und Talente einbringen<\/li>\n\n\n\n<li>Gemeinschaft in Volkach st\u00e4rken<\/li>\n<\/ul>\n\n\n\n<p>Kinder sind \u00fcber die Stadt Volkach versichert.<br>Hilfe bei R\u00e4umlichkleiten.<br>Unterst\u00fctzung bei der Helfersuche.<\/p>\n\n\n\n<p><strong>Informationen und Anmeldung<\/strong><br>\u00fcber <a href=\"https:\/\/www.volkach.de\/\" data-type=\"link\" data-id=\"https:\/\/www.volkach.de\/\" target=\"_blank\" rel=\"noreferrer noopener nofollow\">Stadt Volkach<\/a> (Julia Hertlein und Hanna Luthard)<br>Telefon: 09381\/401-300<br>E-Mail: tourismus@volkach.de<\/p>\n\n\n\n<div class=\"wp-block-file\"><a id=\"wp-block-file--media-bdd7ef0f-b8ed-4b60-a7b0-d3fbd44837fc\" href=\"http:\/\/www.familie-mainschleife.de\/wp-content\/uploads\/2026\/04\/Anmeldeformular-Ferienprogramm-2026.pdf\" target=\"_blank\" rel=\"noreferrer noopener\">Anmeldeformular Ferienprogramm 2026<\/a><a href=\"http:\/\/www.familie-mainschleife.de\/wp-content\/uploads\/2026\/04\/Anmeldeformular-Ferienprogramm-2026.pdf\" class=\"wp-block-file__button wp-element-button\" download aria-describedby=\"wp-block-file--media-bdd7ef0f-b8ed-4b60-a7b0-d3fbd44837fc\">Herunterladen<\/a><\/div>\n","protected":false},"excerpt":{"rendered":"<p>f\u00fcr Privatpersonen, Vereine und Firmen Sie haben eine Idee f\u00fcr ein Ferienangebot f\u00fcr Kinder und Jugendliche?K\u00f6nnen sich als Betreuungskraft anbieten? Warum mitmachen? Kinder sind \u00fcber die Stadt Volkach versichert.Hilfe bei R\u00e4umlichkleiten.Unterst\u00fctzung bei der Helfersuche. Informationen und Anmeldung\u00fcber Stadt Volkach (Julia Hertlein und Hanna Luthard)Telefon: 09381\/401-300E-Mail: tourismus@volkach.de<\/p>\n","protected":false},"author":2,"featured_media":1098,"parent":0,"menu_order":0,"comment_status":"closed","ping_status":"closed","template":"","meta":{"footnotes":""},"class_list":["post-1101","page","type-page","status-publish","has-post-thumbnail","hentry"],"_links":{"self":[{"href":"https:\/\/www.familie-mainschleife.de\/en\/wp-json\/wp\/v2\/pages\/1101","targetHints":{"allow":["GET"]}}],"collection":[{"href":"https:\/\/www.familie-mainschleife.de\/en\/wp-json\/wp\/v2\/pages"}],"about":[{"href":"https:\/\/www.familie-mainschleife.de\/en\/wp-json\/wp\/v2\/types\/page"}],"author":[{"embeddable":true,"href":"https:\/\/www.familie-mainschleife.de\/en\/wp-json\/wp\/v2\/users\/2"}],"replies":[{"embeddable":true,"href":"https:\/\/www.familie-mainschleife.de\/en\/wp-json\/wp\/v2\/comments?post=1101"}],"version-history":[{"count":4,"href":"https:\/\/www.familie-mainschleife.de\/en\/wp-json\/wp\/v2\/pages\/1101\/revisions"}],"predecessor-version":[{"id":1105,"href":"https:\/\/www.familie-mainschleife.de\/en\/wp-json\/wp\/v2\/pages\/1101\/revisions\/1105"}],"wp:featuredmedia":[{"embeddable":true,"href":"https:\/\/www.familie-mainschleife.de\/en\/wp-json\/wp\/v2\/media\/1098"}],"wp:attachment":[{"href":"https:\/\/www.familie-mainschleife.de\/en\/wp-json\/wp\/v2\/media?parent=1101"}],"curies":[{"name":"wp","href":"https:\/\/api.w.org\/{rel}","templated":true}]}}