{"id":1089,"date":"2026-03-31T12:13:34","date_gmt":"2026-03-31T12:13:34","guid":{"rendered":"https:\/\/www.familie-mainschleife.de\/?page_id=1089"},"modified":"2026-03-31T12:13:35","modified_gmt":"2026-03-31T12:13:35","slug":"kinde","status":"publish","type":"page","link":"https:\/\/www.familie-mainschleife.de\/en\/kinde\/","title":{"rendered":"Kinderpost"},"content":{"rendered":"\n<h3 class=\"wp-block-heading\">Unsere Idee. Unsere Fragen. Unsere Zeitung. &#8211; Von Kindern. F\u00fcr Kinder.<\/h3>\n\n\n\n<p>Die Kinderpost Mainschleife geh\u00f6rt zum Verein Familie Mainschleife e.V.<\/p>\n\n\n\n<p>Die erste Ausgabe ist ver\u00f6ffentlicht. Vielleicht noch nicht alles perfekt &#8211; aber es steckt ganz viel Herz drin.<\/p>\n\n\n\n<h2 class=\"wp-block-heading\">Mach beim n\u00e4chsten Mal mit!<\/h2>\n\n\n\n<p>F\u00fcr die n\u00e4chste Ausgabe im Sommer suchen wir wieder <strong>Kunstwerke f\u00fcr die Titelseite<\/strong>. <\/p>\n\n\n\n<p>Bring dein sommerliches Bild in die B\u00fccherei Volkach oder schick es uns per:<br>WhatsApp: 0151 61061110<br>oder Mail: kinderpost@familie-mainschleife.de<\/p>\n\n\n\n<h3 class=\"wp-block-heading\">Du hast Ideen oder etwas hat dir nicht gefallen?<\/h3>\n\n\n\n<p>Sage es uns &#8211; wir freuen uns \u00fcber jede R\u00fcckmeldung!<\/p>\n\n\n\n<p>Dein Team der Kinderpost Mainschleife<\/p>\n\n\n\n<p><strong>Gedruckt mit Unterst\u00fctzung von <a href=\"https:\/\/www.la-gks.de\/\" data-type=\"link\" data-id=\"https:\/\/www.la-gks.de\/\" target=\"_blank\" rel=\"noreferrer noopener\">LA-GKS<\/a>.<\/strong><\/p>\n\n\n\n<p>LA-GKS bezahlt die Druckkosten unserer kinderpost. Da\u00fcr sagen wir herzlich <strong>Danke<\/strong>!<\/p>\n\n\n\n<p><\/p>\n","protected":false},"excerpt":{"rendered":"<p>Unsere Idee. Unsere Fragen. Unsere Zeitung. &#8211; Von Kindern. F\u00fcr Kinder. Die Kinderpost Mainschleife geh\u00f6rt zum Verein Familie Mainschleife e.V. Die erste Ausgabe ist ver\u00f6ffentlicht. Vielleicht noch nicht alles perfekt &#8211; aber es steckt ganz viel Herz drin. Mach beim n\u00e4chsten Mal mit! F\u00fcr die n\u00e4chste Ausgabe im Sommer suchen wir wieder Kunstwerke f\u00fcr die Titelseite. Bring dein sommerliches Bild [&hellip;]<\/p>\n","protected":false},"author":2,"featured_media":1088,"parent":0,"menu_order":0,"comment_status":"closed","ping_status":"closed","template":"","meta":{"footnotes":""},"class_list":["post-1089","page","type-page","status-publish","has-post-thumbnail","hentry"],"_links":{"self":[{"href":"https:\/\/www.familie-mainschleife.de\/en\/wp-json\/wp\/v2\/pages\/1089","targetHints":{"allow":["GET"]}}],"collection":[{"href":"https:\/\/www.familie-mainschleife.de\/en\/wp-json\/wp\/v2\/pages"}],"about":[{"href":"https:\/\/www.familie-mainschleife.de\/en\/wp-json\/wp\/v2\/types\/page"}],"author":[{"embeddable":true,"href":"https:\/\/www.familie-mainschleife.de\/en\/wp-json\/wp\/v2\/users\/2"}],"replies":[{"embeddable":true,"href":"https:\/\/www.familie-mainschleife.de\/en\/wp-json\/wp\/v2\/comments?post=1089"}],"version-history":[{"count":3,"href":"https:\/\/www.familie-mainschleife.de\/en\/wp-json\/wp\/v2\/pages\/1089\/revisions"}],"predecessor-version":[{"id":1094,"href":"https:\/\/www.familie-mainschleife.de\/en\/wp-json\/wp\/v2\/pages\/1089\/revisions\/1094"}],"wp:featuredmedia":[{"embeddable":true,"href":"https:\/\/www.familie-mainschleife.de\/en\/wp-json\/wp\/v2\/media\/1088"}],"wp:attachment":[{"href":"https:\/\/www.familie-mainschleife.de\/en\/wp-json\/wp\/v2\/media?parent=1089"}],"curies":[{"name":"wp","href":"https:\/\/api.w.org\/{rel}","templated":true}]}}